{"id":220,"date":"2020-07-23T00:28:58","date_gmt":"2020-07-22T22:28:58","guid":{"rendered":"http:\/\/voicisalyre.com\/?page_id=220"},"modified":"2021-04-17T17:34:21","modified_gmt":"2021-04-17T15:34:21","slug":"discographie","status":"publish","type":"page","link":"https:\/\/voicisalyre.com\/index.php\/discographie\/","title":{"rendered":"Discographie :"},"content":{"rendered":"\n<p>EP 5 titres \u00ab\u00a0Il ne Savoi pas vaincu\u00a0\u00bb sorti en d\u00e9cembre 2019<\/p>\n\n\n\n<figure class=\"wp-block-gallery columns-2 is-cropped\"><ul class=\"blocks-gallery-grid\"><li class=\"blocks-gallery-item\"><figure><img loading=\"lazy\" width=\"225\" height=\"225\" src=\"http:\/\/voicisalyre.com\/wp-content\/uploads\/2020\/07\/Pochette-EP-recto.jpg\" alt=\"EP 5 titres\" data-id=\"36\" data-full-url=\"http:\/\/voicisalyre.com\/wp-content\/uploads\/2020\/07\/Pochette-EP-recto.jpg\" data-link=\"http:\/\/voicisalyre.com\/index.php\/discographie__trashed\/pochette-ep-recto\/\" class=\"wp-image-36\" srcset=\"https:\/\/voicisalyre.com\/wp-content\/uploads\/2020\/07\/Pochette-EP-recto.jpg 225w, https:\/\/voicisalyre.com\/wp-content\/uploads\/2020\/07\/Pochette-EP-recto-150x150.jpg 150w\" sizes=\"(max-width: 225px) 100vw, 225px\" \/><\/figure><\/li><li class=\"blocks-gallery-item\"><figure><img loading=\"lazy\" width=\"224\" height=\"225\" src=\"http:\/\/voicisalyre.com\/wp-content\/uploads\/2020\/07\/Pochette-EP-verso.jpg\" alt=\"EP &quot;Il ne Savoi pas vaincu&quot;\" data-id=\"37\" data-full-url=\"http:\/\/voicisalyre.com\/wp-content\/uploads\/2020\/07\/Pochette-EP-verso.jpg\" data-link=\"http:\/\/voicisalyre.com\/index.php\/discographie__trashed\/pochette-ep-verso\/\" class=\"wp-image-37\" srcset=\"https:\/\/voicisalyre.com\/wp-content\/uploads\/2020\/07\/Pochette-EP-verso.jpg 224w, https:\/\/voicisalyre.com\/wp-content\/uploads\/2020\/07\/Pochette-EP-verso-150x150.jpg 150w\" sizes=\"(max-width: 224px) 100vw, 224px\" \/><\/figure><\/li><\/ul><\/figure>\n\n\n\n<p>EP 6 titres \u00ab\u00a0I needn&rsquo;t say more\u00a0\u00bb avec le groupe de blues-funk \u00ab\u00a0Les Gamblers\u00a0\u00bb sorti en janvier 2021.<\/p>\n\n\n\n<div class=\"wp-container-1 wp-block-group\"><div class=\"wp-block-group__inner-container\">\n<p>Album de jazz manouche \u00ab\u00a0Swing Trafic\u00a0\u00bb sorti en 2013, 13 titres dont 3 compos\u00e9s par Cyrille Savoi.<\/p>\n<\/div><\/div>\n\n\n\n<p>Album de reprises jazz \u00ab\u00a0Special for Dancers\u00a0\u00bb sorti en 2006 avec le quintett The Boogie&rsquo;s Band (arrangements : Cyrille Savoi et Cyrille Ouahnich).<\/p>\n\n\n\n<p>Poopoolala&rsquo;s Electro-Gang Live enregistr\u00e9 en direct du Restaurant \u00ab\u00a0Le Prisca\u00a0\u00bb \u00e0 Villeurbanne (69) le 16 mars 2002 par la radio RCT (Radio Charpenne-Tonkin, suite \u00e0 un autre album studio sorti en 2000 sans le DJ<\/p>\n\n\n\n<p>Album \u00ab\u00a0Ajoute de la Vie \u00e0 ton Rien\u00a0\u00bb du groupe de jazz-fusion \u00ab\u00a0Sky Cats\u00a0\u00bb en 1996<\/p>\n\n\n\n<h2>Collaborations :<\/h2>\n\n\n\n<p>Participation \u00e0 l&rsquo;album de Z\u00e9r\u00e8ne \u00ab\u00a0Le Dernier des Papillons\u00a0\u00bb sorti en janvier 2020<\/p>\n\n\n\n<p>EP 4 titres \u00ab\u00a0La Luna\u00a0\u00bb avec la chanteuse \u00ab\u00a0Sof\u00a0\u00bb (www.sofmusic.com) sorti en novembre 2018<\/p>\n\n\n\n<p>Participation \u00e0 l&rsquo;album \u00ab\u00a0Enfants du Pays\u00a0\u00bb de l&rsquo;artiste Burkinab\u00e8 \u00ab\u00a0Jahkasa\u00a0\u00bb sorti en novembre 2015<\/p>\n\n\n\n<p>3 albums avec \u00ab\u00a0Les Gaspards\u00a0\u00bb (www.lesgaspards.com) Little new-York dans ton Bled, Racines imaginaires et Vibrations vagabondes<\/p>\n\n\n\n<p>Participation \u00e0 l&rsquo;album \u00ab\u00a0Volume 1\u00a0\u00bb de la chanteuse Perrine Vasque (La F\u00e9\u00e9seuse de Chansons) sorti en 2009, arrangements de la section cuivres par Cyrille Savoi<\/p>\n\n\n\n<p><\/p>\n\n\n\n<p><\/p>\n","protected":false},"excerpt":{"rendered":"<p>EP 5 titres \u00ab\u00a0Il ne Savoi pas vaincu\u00a0\u00bb sorti en d\u00e9cembre 2019 EP 6 titres \u00ab\u00a0I needn&rsquo;t say more\u00a0\u00bb avec le groupe de blues-funk \u00ab\u00a0Les Gamblers\u00a0\u00bb sorti en janvier 2021. Album de jazz manouche \u00ab\u00a0Swing Trafic\u00a0\u00bb sorti en 2013, 13 titres dont 3 compos\u00e9s par Cyrille Savoi. Album de reprises jazz \u00ab\u00a0Special for Dancers\u00a0\u00bb sorti [&hellip;]<\/p>\n","protected":false},"author":1,"featured_media":0,"parent":0,"menu_order":0,"comment_status":"closed","ping_status":"closed","template":"","meta":{"spay_email":""},"_links":{"self":[{"href":"https:\/\/voicisalyre.com\/index.php\/wp-json\/wp\/v2\/pages\/220"}],"collection":[{"href":"https:\/\/voicisalyre.com\/index.php\/wp-json\/wp\/v2\/pages"}],"about":[{"href":"https:\/\/voicisalyre.com\/index.php\/wp-json\/wp\/v2\/types\/page"}],"author":[{"embeddable":true,"href":"https:\/\/voicisalyre.com\/index.php\/wp-json\/wp\/v2\/users\/1"}],"replies":[{"embeddable":true,"href":"https:\/\/voicisalyre.com\/index.php\/wp-json\/wp\/v2\/comments?post=220"}],"version-history":[{"count":10,"href":"https:\/\/voicisalyre.com\/index.php\/wp-json\/wp\/v2\/pages\/220\/revisions"}],"predecessor-version":[{"id":326,"href":"https:\/\/voicisalyre.com\/index.php\/wp-json\/wp\/v2\/pages\/220\/revisions\/326"}],"wp:attachment":[{"href":"https:\/\/voicisalyre.com\/index.php\/wp-json\/wp\/v2\/media?parent=220"}],"curies":[{"name":"wp","href":"https:\/\/api.w.org\/{rel}","templated":true}]}}